{"id":438,"date":"2018-01-30T10:58:48","date_gmt":"2018-01-30T09:58:48","guid":{"rendered":"http:\/\/vizionsport.be\/WORDPRESS\/?page_id=7"},"modified":"2022-09-08T09:48:22","modified_gmt":"2022-09-08T07:48:22","slug":"accueil","status":"publish","type":"page","link":"https:\/\/www.judocph.be\/wp\/","title":{"rendered":""},"content":{"rendered":"\t\t<div data-elementor-type=\"wp-page\" data-elementor-id=\"438\" class=\"elementor elementor-438\">\n\t\t\t\t\t\t\t\t\t<section class=\"elementor-section elementor-top-section elementor-element elementor-element-9f10786 elementor-section-boxed elementor-section-height-default elementor-section-height-default\" data-id=\"9f10786\" data-element_type=\"section\">\n\t\t\t\t\t\t<div class=\"elementor-container elementor-column-gap-default\">\n\t\t\t\t\t<div class=\"elementor-column elementor-col-33 elementor-top-column elementor-element elementor-element-28bcb86\" data-id=\"28bcb86\" data-element_type=\"column\">\n\t\t\t<div class=\"elementor-widget-wrap elementor-element-populated\">\n\t\t\t\t\t\t\t\t<div class=\"elementor-element elementor-element-f5086cb elementor-widget elementor-widget-image\" data-id=\"f5086cb\" data-element_type=\"widget\" data-widget_type=\"image.default\">\n\t\t\t\t<div class=\"elementor-widget-container\">\n\t\t\t\t\t\t\t\t\t\t\t\t\t\t\t<img width=\"780\" height=\"753\" src=\"https:\/\/www.judocph.be\/wp\/wp-content\/uploads\/2018\/03\/logo1-1024x989.jpg\" class=\"attachment-large size-large\" alt=\"\" loading=\"lazy\" srcset=\"https:\/\/www.judocph.be\/wp\/wp-content\/uploads\/2018\/03\/logo1-1024x989.jpg 1024w, https:\/\/www.judocph.be\/wp\/wp-content\/uploads\/2018\/03\/logo1-300x290.jpg 300w, https:\/\/www.judocph.be\/wp\/wp-content\/uploads\/2018\/03\/logo1-768x742.jpg 768w\" sizes=\"(max-width: 780px) 100vw, 780px\" \/>\t\t\t\t\t\t\t\t\t\t\t\t\t\t\t<\/div>\n\t\t\t\t<\/div>\n\t\t\t\t\t<\/div>\n\t\t<\/div>\n\t\t\t\t<div class=\"elementor-column elementor-col-66 elementor-top-column elementor-element elementor-element-17cd3d6\" data-id=\"17cd3d6\" data-element_type=\"column\">\n\t\t\t<div class=\"elementor-widget-wrap elementor-element-populated\">\n\t\t\t\t\t\t\t\t<div class=\"elementor-element elementor-element-599ea41 elementor-widget elementor-widget-wp-widget-rss\" data-id=\"599ea41\" data-element_type=\"widget\" data-widget_type=\"wp-widget-rss.default\">\n\t\t\t\t<div class=\"elementor-widget-container\">\n\t\t\t<h5><a class=\"rsswidget\" href=\"http:\/\/www.judocph.be\/wp\/index.php\/category\/news\/\"><img loading=\"lazy\" class=\"rss-widget-icon\" style=\"border:0\" width=\"14\" height=\"14\" src=\"https:\/\/www.judocph.be\/wp\/wp-includes\/images\/rss.png\" alt=\"RSS\" \/><\/a> <a class=\"rsswidget\" href=\"https:\/\/www.judocph.be\/wp\">Articles r\u00e9cents<\/a><\/h5><ul><li><a class='rsswidget' href='https:\/\/www.judocph.be\/wp\/resultats-championnats-du-hainaut-2026\/?utm_source=rss&#038;utm_medium=rss&#038;utm_campaign=resultats-championnats-du-hainaut-2026'>R\u00e9sultats championnats du Hainaut 2026<\/a><div class=\"rssSummary\">En cours de chargement\u2026 Cela prend trop de temps\u00a0? Recharger le document | Ouvrir dans un nouvel onglet The post R\u00e9sultats championnats du Hainaut 2026 first appeared on Judo CPH.<\/div><\/li><li><a class='rsswidget' href='https:\/\/www.judocph.be\/wp\/accueillir-un-entrainement-provincial-2025-2026\/?utm_source=rss&#038;utm_medium=rss&#038;utm_campaign=accueillir-un-entrainement-provincial-2025-2026'>Accueillir un Entra\u00eenement Provincial 2025-2026<\/a><div class=\"rssSummary\">\ud83c\udfaf Appel \u00e0 Candidatures \u2013 Accueillir un Entra\u00eenement Provincial 2025-2026 Le Comit\u00e9 Provincial du Hainaut souhaite lancer une nouvelle dynamique : des entra\u00eenements provinciaux mensuels ouverts aux judokas U13, U15, U18 et U21.Objectif : favoriser la progression, l\u2019\u00e9change entre clubs et le d\u00e9veloppement du niveau provincial. \ud83d\udccd Fr\u00e9quence : 1 entra\u00eenement par mois\ud83d\udcc6 P\u00e9riode : [&hellip;]<\/div><\/li><\/ul>\t\t<\/div>\n\t\t\t\t<\/div>\n\t\t\t\t\t<\/div>\n\t\t<\/div>\n\t\t\t\t\t\t\t<\/div>\n\t\t<\/section>\n\t\t\t\t<section class=\"elementor-section elementor-top-section elementor-element elementor-element-1854b7b elementor-section-boxed elementor-section-height-default elementor-section-height-default\" data-id=\"1854b7b\" data-element_type=\"section\">\n\t\t\t\t\t\t<div class=\"elementor-container elementor-column-gap-default\">\n\t\t\t\t\t<div class=\"elementor-column elementor-col-100 elementor-top-column elementor-element elementor-element-0c5f50e\" data-id=\"0c5f50e\" data-element_type=\"column\">\n\t\t\t<div class=\"elementor-widget-wrap elementor-element-populated\">\n\t\t\t\t\t\t\t\t<div class=\"elementor-element elementor-element-76e6bc6 elementor-widget elementor-widget-html\" data-id=\"76e6bc6\" data-element_type=\"widget\" data-widget_type=\"html.default\">\n\t\t\t\t<div class=\"elementor-widget-container\">\n\t\t\t<script id=\"mcjs\">!function(c,h,i,m,p){m=c.createElement(h),p=c.getElementsByTagName(h)[0],m.async=1,m.src=i,p.parentNode.insertBefore(m,p)}(document,\"script\",\"https:\/\/chimpstatic.com\/mcjs-connected\/js\/users\/062c2a678405f564ee42ef532\/9891f2b4784531eb3aa1343c1.js\");<\/script>\t\t<\/div>\n\t\t\t\t<\/div>\n\t\t\t\t\t<\/div>\n\t\t<\/div>\n\t\t\t\t\t\t\t<\/div>\n\t\t<\/section>\n\t\t\t\t\t\t\t<\/div>\n\t\t","protected":false},"excerpt":{"rendered":"","protected":false},"author":1,"featured_media":0,"parent":0,"menu_order":0,"comment_status":"closed","ping_status":"closed","template":"","meta":{"_mi_skip_tracking":false},"aioseo_notices":[],"_links":{"self":[{"href":"https:\/\/www.judocph.be\/wp\/wp-json\/wp\/v2\/pages\/438"}],"collection":[{"href":"https:\/\/www.judocph.be\/wp\/wp-json\/wp\/v2\/pages"}],"about":[{"href":"https:\/\/www.judocph.be\/wp\/wp-json\/wp\/v2\/types\/page"}],"author":[{"embeddable":true,"href":"https:\/\/www.judocph.be\/wp\/wp-json\/wp\/v2\/users\/1"}],"replies":[{"embeddable":true,"href":"https:\/\/www.judocph.be\/wp\/wp-json\/wp\/v2\/comments?post=438"}],"version-history":[{"count":13,"href":"https:\/\/www.judocph.be\/wp\/wp-json\/wp\/v2\/pages\/438\/revisions"}],"predecessor-version":[{"id":2984,"href":"https:\/\/www.judocph.be\/wp\/wp-json\/wp\/v2\/pages\/438\/revisions\/2984"}],"wp:attachment":[{"href":"https:\/\/www.judocph.be\/wp\/wp-json\/wp\/v2\/media?parent=438"}],"curies":[{"name":"wp","href":"https:\/\/api.w.org\/{rel}","templated":true}]}}